{"id":19,"date":"2014-02-26T13:04:35","date_gmt":"2014-02-26T12:04:35","guid":{"rendered":"http:\/\/villamayorasturias.es\/?page_id=19"},"modified":"2025-05-08T19:06:30","modified_gmt":"2025-05-08T18:06:30","slug":"comercio","status":"publish","type":"page","link":"https:\/\/villamayorasturias.es\/comercio\/","title":{"rendered":"Comercio"},"content":{"rendered":"<h3 style=\"text-align: justify;\"><span style=\"color: #800000;\"><em>La parroquia rural de Villamayor cuenta con todo tipo de establecimientos y servicios que haran m\u00e1s sencilla su estancia entre nosotros y que facilitan el d\u00eda a d\u00eda de la parroquia:<\/em><\/span><\/h3>\n<p><strong><span style=\"color: #808000;\">ALIMENTACI\u00d3N<\/span><\/strong><\/p>\n<p><strong>Autoservicio La Tienda Nueva (Tandy<\/strong>)<br \/>\nC\/ Rafael Fabi\u00e1n y Fabi\u00e1n, 14. 33583 Villamayor-Pilo\u00f1a-Asturias<br \/>\n985 70 70 44<\/p>\n<p><strong>Distribuciones Pancho<\/strong><br \/>\nPol\u00edgono de Ll\u00e9u, C\/ La Llosa del Llend\u00f3n. 33583 Villamayor-Pilo\u00f1a-Asturias<br \/>\nTelf. 985 70 60 57 \/ 985 70 66 38 \/ 670 632 289<\/p>\n<p><strong>Embutidos Jes\u00fas P\u00e9rez Mayor S. L.<\/strong><br \/>\nC\/ Car\u00faa, 11. 33583 Villamayor-Pilo\u00f1a-Asturias<br \/>\nTelf. 985 70 71 13<\/p>\n<p><strong><span style=\"color: #808000;\">CARPINTER\u00cdA DE MADERA Y MET\u00c1LICA<\/span><\/strong><\/p>\n<p><strong>Carpinter\u00eda D\u00edaz Cobi\u00e1n S.L.<\/strong><br \/>\nC\/ Los Bomberos. Pol\u00edgono Industrial de Villamayor. 33583 Villamayor-Pilo\u00f1a-Asturias<br \/>\nTelf. 985 70 75 76<\/p>\n<p>Email: diazcobian@movistar.es<\/p>\n<p><strong>Carpinter\u00eda Masuyblan<\/strong><br \/>\nC\/ Coto Minero, 6. 33583 Villamayor-Pilo\u00f1a-Asturias<br \/>\nTelf. 985 70 74 49<\/p>\n<p><strong>Carpinter\u00eda met\u00e1lica y de aluminio Torca<\/strong><br \/>\nCtra. General, s\/n. 33583 Villamayor-Pilo\u00f1a-Asturias<br \/>\nTelf. 985 70 76 05 \/ 690 756 173<br \/>\nEmail: info@metalicastorca.es<br \/>\nWeb: <a href=\"http:\/\/www.metalicastorca.es\/\">www.metalicastorca.es<\/a><\/p>\n<p><strong><span style=\"color: #808000;\">COMERCIO<\/span><\/strong><\/p>\n<p><strong>Ferreter\u00eda Tora\u00f1o<\/strong><br \/>\nC\/ Rafael Fabi\u00e1n y Fabi\u00e1n, 16. 33583 Villamayor-Pilo\u00f1a-Asturias<br \/>\nTelf. 985 70 75 37<\/p>\n<p><strong>Servicios florales Ramos de novia<\/strong><br \/>\nC\/ Rafael Fabi\u00e1n y Fabi\u00e1n, 22. Villamayor-Pilo\u00f1a-Asturias<br \/>\nTelf. 985 70 72 05<\/p>\n<p><strong><span style=\"color: #808000;\">PELUQUER\u00cdAS<\/span><\/strong><\/p>\n<p><strong>Peluquer\u00eda Canga y Roz<\/strong><br \/>\nC\/ Rafael Fabi\u00e1n y Fabi\u00e1n, 6. Villamayor-Pilo\u00f1a-Asturias<br \/>\nTelf. 985 70 74 35<br \/>\n<strong><\/strong><\/p>\n<p><strong>Peluquer\u00eda Claudia<\/strong><br \/>\nC\/ Rafael Fabi\u00e1n y Fabi\u00e1n, 15B. Villamayor-Pilo\u00f1a-Asturias<br \/>\nTelf. 985 70 73 07<\/p>\n<p><strong>Peluquer\u00eda Mar\u00eda Jos\u00e9<\/strong><br \/>\nC\/ Rafael Fabi\u00e1n y Fabi\u00e1n, 30. 33583 Villamayor-Pilo\u00f1a-Asturias<br \/>\nTelf. 679 426 238<\/p>\n<p><strong>Peluquer\u00eda Marigel<\/strong><br \/>\nC\/ Ram\u00f3n Tora\u00f1o \u00c1lvarez, 7. 33583 Villamayor-Pilo\u00f1a-Asturias<br \/>\nTelf. 985 70 72 99<\/p>\n<p><strong><span style=\"color: #808000;\">REPARACI\u00d3N Y VENTA DE COCHES<\/span><\/strong><\/p>\n<p><strong>Garaje S\u00e1nchez<\/strong><br \/>\nC\/ Coto Minero, 15. 33583 Villamayor-Pilo\u00f1a-Asturias<br \/>\nTelf. 985 70 71 05<\/p>\n<p><strong>Neum\u00e1ticos Fernando Cornejo, S.L.<\/strong><br \/>\nPol\u00edgono recta de Ll\u00e9u. C\/ La Llosa del Llend\u00f3n. 33583 Villamayor-Pilo\u00f1a-Asturias<br \/>\nTelf. \/Fax: 985 70 75 65<\/p>\n<p><strong>Puerta Otero (Audi, Volkswagen\u00a0 y Seat)<\/strong><br \/>\nGrandes ofertas en todos nuestros modelos chapa y pintura<br \/>\nPol\u00edgono Recta de Lleu- C\/ La Llosa del Llend\u00f3n. Villamayor-Pilo\u00f1a<br \/>\nTelf. 985 71 02 33<\/p>\n<p><strong>Talleres Bada<\/strong><br \/>\nC\/ Maximino Fern\u00e1ndez Sanfeliz, 24. 33583 Villamayor-Pilo\u00f1a-Asturias<br \/>\nTelf. 985 70 73 84<\/p>\n<p><strong><span style=\"color: #808000;\">TAXI<\/span><\/strong><\/p>\n<p><strong>Taxi Pilo\u00f1a S.COOP<\/strong>.<br \/>\nTelf, 985 71 15 36<br \/>\nInfiesto \/ Villamayor \/Sevares<br \/>\nEmail: info@taxipilo\u00f1a.com<br \/>\nWeb:<a href=\"http:\/\/www.taxipilona.com\/\"> http:\/\/www.taxipilonia.com<\/a><br \/>\n<strong><\/strong><\/p>\n<p><strong>Taxi To\u00f1o<\/strong><br \/>\nVillamayor \/ Borines<br \/>\nTelf. 985 70 73 89 \/ 608 782 853<\/p>\n<p><strong><span style=\"color: #808000;\">EMPRESAS<\/span><\/strong><\/p>\n<p><strong>F\u00e1brica de muebles Ganoral<\/strong><br \/>\nC\/ Coto Minero, 11. 33583 Villamayor-Pilo\u00f1a-Asturias<br \/>\nTelf. 985 70 70 72<br \/>\nFax: 985 70 75 83<\/p>\n<p style=\"text-align: justify;\"><strong>Garmat. Especialistas en ayudas t\u00e9cnicas y de eliminaci\u00f3n de barreras arquitect\u00f3nicas<\/strong><br \/>\nPol\u00edgono industrial del Ll\u00e9u. C\/ La Llosa del Llend\u00f3n. 33583 Villamayor-Pilo\u00f1a-Asturias<br \/>\nTelf. 685 711 032<br \/>\nFax: 985 70 74 03<br \/>\nEmail: garmat@garmat.com<br \/>\nWeb:<a href=\" http:\/\/www.garmat.com\/\"> http:\/\/www.garmat.com\/<\/a><\/p>\n<p style=\"text-align: justify;\"><strong>General de Juguetes S. A<\/strong>.<br \/>\nC\/ Los Bomberos. Pol\u00edgono Industrial de Villamayor. 33583 Villamayor-Pilo\u00f1a-Asturias<br \/>\nTelf. +34 985 70 70 73 \/ 985 70 70 33<br \/>\nFax: 985 70 74 43<br \/>\nEmail: ventas@generaldejuguetes.es<\/p>\n<p style=\"text-align: justify;\">Web:<a href=\"http:\/\/www.generaldejuguetes.es\/\">http:\/\/www.generaldejuguetes.es\/<\/a><\/p>\n<p style=\"text-align: justify;\"><strong>Maderas Coss\u00edo<\/strong><br \/>\nPol\u00edgono Recta de Lleu- C\/ La Llosa del Llend\u00f3n. Villamayor-Pilo\u00f1a<br \/>\nTelf. 985 70 70 58<br \/>\nFax: 985 70 74 98<\/p>\n<p style=\"text-align: justify;\"><strong>Prodepi (Pintura en general, limpiezas industriales, trabajos verticales, proyecci\u00f3n de abrasivos y pinturas, reformas de alba\u00f1iler\u00eda y trabajos con gr\u00faa aut\u00f3noma)<\/strong><br \/>\nC\/ Los Bomberos. Pol\u00edgono Industrial de Villamayor. 33583 Villamayor-Pilo\u00f1a-Asturias<br \/>\nTelf. 985 70 74 97 \/ 639 029 910<br \/>\nEmail: alvaroazcoitia@prodepi.es<\/p>\n<p style=\"text-align: justify;\"><strong>Torneados Su\u00e1rez<\/strong><br \/>\nC\/ Picu Nia\u00f1u, 4. 33583 Villamayor-Pilo\u00f1a-Asturias<br \/>\nTelf. 985 70 71 38 \/ 630 347 121<br \/>\n<strong><\/strong><\/p>\n<p><strong><strong>Viveros del Sueve SAT<\/strong><br \/>\n<\/strong>Finca Las Huelgas 33583 Villamayor-Pilo\u00f1a-Asturias<br \/>\nTelf. 902 40 30 90 \/ Fax: 98 570 73 11<br \/>\nWeb:<a href=\"http:\/\/delsueve.com\/empresa.aspx\">http:\/\/delsueve.com\/empresa.aspx<\/a><\/p>\n","protected":false},"excerpt":{"rendered":"<p>La parroquia rural de Villamayor cuenta con todo tipo de establecimientos y servicios que haran m\u00e1s sencilla su estancia entre nosotros y que facilitan el d\u00eda a d\u00eda de la parroquia: ALIMENTACI\u00d3N Autoservicio La Tienda Nueva (Tandy) C\/ Rafael Fabi\u00e1n y Fabi\u00e1n, 14. 33583 Villamayor-Pilo\u00f1a-Asturias 985 70 70 44 Distribuciones Pancho Pol\u00edgono de Ll\u00e9u, C\/ [&hellip;]<\/p>\n","protected":false},"author":1,"featured_media":0,"parent":0,"menu_order":10,"comment_status":"closed","ping_status":"closed","template":"","meta":{"footnotes":""},"class_list":["post-19","page","type-page","status-publish","hentry"],"_links":{"self":[{"href":"https:\/\/villamayorasturias.es\/wp-json\/wp\/v2\/pages\/19","targetHints":{"allow":["GET"]}}],"collection":[{"href":"https:\/\/villamayorasturias.es\/wp-json\/wp\/v2\/pages"}],"about":[{"href":"https:\/\/villamayorasturias.es\/wp-json\/wp\/v2\/types\/page"}],"author":[{"embeddable":true,"href":"https:\/\/villamayorasturias.es\/wp-json\/wp\/v2\/users\/1"}],"replies":[{"embeddable":true,"href":"https:\/\/villamayorasturias.es\/wp-json\/wp\/v2\/comments?post=19"}],"version-history":[{"count":11,"href":"https:\/\/villamayorasturias.es\/wp-json\/wp\/v2\/pages\/19\/revisions"}],"predecessor-version":[{"id":133,"href":"https:\/\/villamayorasturias.es\/wp-json\/wp\/v2\/pages\/19\/revisions\/133"}],"wp:attachment":[{"href":"https:\/\/villamayorasturias.es\/wp-json\/wp\/v2\/media?parent=19"}],"curies":[{"name":"wp","href":"https:\/\/api.w.org\/{rel}","templated":true}]}}