{"id":788,"date":"2024-11-08T20:20:44","date_gmt":"2024-11-08T19:20:44","guid":{"rendered":"https:\/\/villamayorasturias.es\/?page_id=788"},"modified":"2026-03-29T18:33:29","modified_gmt":"2026-03-29T17:33:29","slug":"villamayor","status":"publish","type":"page","link":"https:\/\/villamayorasturias.es\/","title":{"rendered":"Villamayor"},"content":{"rendered":"\n<figure class=\"wp-block-image size-large\"><img loading=\"lazy\" decoding=\"async\" width=\"1024\" height=\"485\" src=\"https:\/\/villamayorasturias.es\/wp-content\/uploads\/2026\/03\/20200827_114309-1-1024x485.jpg\" alt=\"\" class=\"wp-image-1031\" srcset=\"https:\/\/villamayorasturias.es\/wp-content\/uploads\/2026\/03\/20200827_114309-1-1024x485.jpg 1024w, https:\/\/villamayorasturias.es\/wp-content\/uploads\/2026\/03\/20200827_114309-1-300x142.jpg 300w, https:\/\/villamayorasturias.es\/wp-content\/uploads\/2026\/03\/20200827_114309-1-768x364.jpg 768w, https:\/\/villamayorasturias.es\/wp-content\/uploads\/2026\/03\/20200827_114309-1.jpg 1300w\" sizes=\"auto, (max-width: 1024px) 100vw, 1024px\" \/><\/figure>\n\n\n\n<p>En nombre de nuestro pueblo les doy la bienvenida, tanto si son vecinos como si est\u00e1n pensando pasar unos d\u00edas entre nosotros.<\/p>\n\n\n\n<p>A trav\u00e9s de esta p\u00e1gina les ofrecemos informaci\u00f3n sobre la Parroquia Rural de Villamayor, sus servicios y atractivos culturales, gastron\u00f3micos y naturales, con el fin de animarles a visitarnos y disfrutar de una inolvidable estancia entre nosotros.<\/p>\n\n\n\n<p>La Parroquia Rural de Villamayor tambi\u00e9n ha creado esta web para posibilitar que los vecinos tengan conocimiento de todas las novedades sobre la parroquia, desde cualquier lugar y en todo momento. Con el uso de esta p\u00e1gina&nbsp; los villamayorinos podr\u00e1n colaborar, preguntar e informarse, y por supuesto ayudarnos a mejorar.<\/p>\n\n\n\n<p class=\"has-text-align-right\">Muchas gracias por su inter\u00e9s<\/p>\n\n\n\n<p>Andr\u00e9s Rojo del Valle , Alcalde-Presidente de la Parroquia Rural de Villamayor<\/p>\n\n\n\n<figure class=\"wp-block-image aligncenter\"><a href=\"https:\/\/villamayorasturias.es\/wp-content\/uploads\/2014\/07\/FOTO-PARA-PAGINA-WEB.jpg\"><img loading=\"lazy\" decoding=\"async\" width=\"300\" height=\"200\" src=\"https:\/\/villamayorasturias.es\/wp-content\/uploads\/2014\/07\/FOTO-PARA-PAGINA-WEB-300x200.jpg\" alt=\"Andr\u00e9s Rojo del Valle. Alcalde-Presidente de la Parroquia Rural de Villamayor\" class=\"wp-image-59\" srcset=\"https:\/\/villamayorasturias.es\/wp-content\/uploads\/2014\/07\/FOTO-PARA-PAGINA-WEB-300x200.jpg 300w, https:\/\/villamayorasturias.es\/wp-content\/uploads\/2014\/07\/FOTO-PARA-PAGINA-WEB-1024x683.jpg 1024w, https:\/\/villamayorasturias.es\/wp-content\/uploads\/2014\/07\/FOTO-PARA-PAGINA-WEB.jpg 1709w\" sizes=\"auto, (max-width: 300px) 100vw, 300px\" \/><\/a><figcaption class=\"wp-element-caption\">Andr\u00e9s Rojo del Valle. Alcalde-Presidente de la Parroquia Rural de Villamayor<\/figcaption><\/figure>\n","protected":false},"excerpt":{"rendered":"<p>En nombre de nuestro pueblo les doy la bienvenida, tanto si son vecinos como si est\u00e1n pensando pasar unos d\u00edas entre nosotros. A trav\u00e9s de esta p\u00e1gina les ofrecemos informaci\u00f3n sobre la Parroquia Rural de Villamayor, sus servicios y atractivos culturales, gastron\u00f3micos y naturales, con el fin de animarles a visitarnos y disfrutar de una [&hellip;]<\/p>\n","protected":false},"author":6,"featured_media":0,"parent":0,"menu_order":0,"comment_status":"closed","ping_status":"closed","template":"","meta":{"footnotes":""},"class_list":["post-788","page","type-page","status-publish","hentry"],"_links":{"self":[{"href":"https:\/\/villamayorasturias.es\/wp-json\/wp\/v2\/pages\/788","targetHints":{"allow":["GET"]}}],"collection":[{"href":"https:\/\/villamayorasturias.es\/wp-json\/wp\/v2\/pages"}],"about":[{"href":"https:\/\/villamayorasturias.es\/wp-json\/wp\/v2\/types\/page"}],"author":[{"embeddable":true,"href":"https:\/\/villamayorasturias.es\/wp-json\/wp\/v2\/users\/6"}],"replies":[{"embeddable":true,"href":"https:\/\/villamayorasturias.es\/wp-json\/wp\/v2\/comments?post=788"}],"version-history":[{"count":9,"href":"https:\/\/villamayorasturias.es\/wp-json\/wp\/v2\/pages\/788\/revisions"}],"predecessor-version":[{"id":1033,"href":"https:\/\/villamayorasturias.es\/wp-json\/wp\/v2\/pages\/788\/revisions\/1033"}],"wp:attachment":[{"href":"https:\/\/villamayorasturias.es\/wp-json\/wp\/v2\/media?parent=788"}],"curies":[{"name":"wp","href":"https:\/\/api.w.org\/{rel}","templated":true}]}}