{"id":9,"date":"2014-02-26T13:02:03","date_gmt":"2014-02-26T12:02:03","guid":{"rendered":"http:\/\/villamayorasturias.es\/?page_id=9"},"modified":"2014-07-20T00:23:27","modified_gmt":"2014-07-19T23:23:27","slug":"arte","status":"publish","type":"page","link":"https:\/\/villamayorasturias.es\/arte\/","title":{"rendered":"Arte"},"content":{"rendered":"<figure id=\"attachment_88\" aria-describedby=\"caption-attachment-88\" style=\"width: 210px\" class=\"wp-caption alignleft\"><a href=\"https:\/\/villamayorasturias.es\/wp-content\/uploads\/2014\/02\/villamayor_casaindianos_amarilla_jalm.jpg\"><img loading=\"lazy\" decoding=\"async\" class=\" wp-image-88\" title=\"Casa de los Villanueva\" alt=\"Casa de los Villanueva\" src=\"https:\/\/villamayorasturias.es\/wp-content\/uploads\/2014\/02\/villamayor_casaindianos_amarilla_jalm-300x225.jpg\" width=\"210\" height=\"158\" srcset=\"https:\/\/villamayorasturias.es\/wp-content\/uploads\/2014\/02\/villamayor_casaindianos_amarilla_jalm-300x225.jpg 300w, https:\/\/villamayorasturias.es\/wp-content\/uploads\/2014\/02\/villamayor_casaindianos_amarilla_jalm-1024x768.jpg 1024w, https:\/\/villamayorasturias.es\/wp-content\/uploads\/2014\/02\/villamayor_casaindianos_amarilla_jalm.jpg 1200w\" sizes=\"auto, (max-width: 210px) 100vw, 210px\" \/><\/a><figcaption id=\"caption-attachment-88\" class=\"wp-caption-text\">Casa de los Villanueva<\/figcaption><\/figure>\n<p style=\"text-align: justify;\"><strong class=\" wp-image-90 \" title=\"Monasterio de Santa Mar\u00eda de Villamayor\">Arquitectura Civil:<\/strong><\/p>\n<p style=\"text-align: justify;\">En Villamayor tenemos ejemplos \u00fanicos de arquitectura indiana, el reconocido arquitecto Manuel Busto Delgado dej\u00f3 su firma en varios edificios indianos de Villamayor, la casa de los Villanueva, la casa de \u00c1lvarez Nava (villa Joaquina), la casa de Emilio Lozana y su obra m\u00e1s esplendida el palacio de Sotiello. Tambi\u00e9n son notables edificaciones, con sus jardines monumentales, como la casa de los Tora\u00f1o y la de Rafael Fabi\u00e1n.<\/p>\n<p style=\"text-align: justify;\">Barrios como el Valledal conservan la estructura arquitect\u00f3nica popular asturiana con sus antiguas casas, h\u00f3rreos y calles empedradas. O el barrio de Car\u00faa del que parte una hermosa ruta que nos llevara hasta el Chorr\u00f3n, salto de agua, y al pueblo abandonado de la Cueva.<\/p>\n<p style=\"text-align: justify;\">Conservamos dos ejemplos de casas solariegas con su capilla una situada en Tor\u00edn, barrio de Valgo\u00edn, y documentado a principios del siglo XVI denominado el Palacio y otro en Villamayor el palacio de los Arg\u00fcelles, en un lugar conocido como las Huelgas de finales del siglo XVI, est\u00e1 situada en la carretera general a la salida de Villamayor hacia Sevares.<\/p>\n<p><strong>Arquitectura Religiosa:<\/strong><\/p>\n<figure id=\"attachment_90\" aria-describedby=\"caption-attachment-90\" style=\"width: 210px\" class=\"wp-caption alignleft\"><a href=\"https:\/\/villamayorasturias.es\/wp-content\/uploads\/2014\/02\/villamayor_vstagral_monasterio_jalm.jpg\"><img loading=\"lazy\" decoding=\"async\" class=\" wp-image-90\" title=\"Monasterio de Santa Mar\u00eda de Villamayor\" alt=\"Monasterio de Santa Mar\u00eda de Villamayor\" src=\"https:\/\/villamayorasturias.es\/wp-content\/uploads\/2014\/02\/villamayor_vstagral_monasterio_jalm-300x225.jpg\" width=\"210\" height=\"158\" srcset=\"https:\/\/villamayorasturias.es\/wp-content\/uploads\/2014\/02\/villamayor_vstagral_monasterio_jalm-300x225.jpg 300w, https:\/\/villamayorasturias.es\/wp-content\/uploads\/2014\/02\/villamayor_vstagral_monasterio_jalm-1024x768.jpg 1024w, https:\/\/villamayorasturias.es\/wp-content\/uploads\/2014\/02\/villamayor_vstagral_monasterio_jalm.jpg 1200w\" sizes=\"auto, (max-width: 210px) 100vw, 210px\" \/><\/a><figcaption id=\"caption-attachment-90\" class=\"wp-caption-text\">Monasterio de Santa Mar\u00eda de Villamayor<\/figcaption><\/figure>\n<p style=\"text-align: justify;\">Destacan sobre todo los restos del \u00e1bside y la portada lateral del antiguo monasterio benedictino de Santa Mar\u00eda de Villamayor, de estilo rom\u00e1nico, y datado en torno a los siglos XIII y XIV, y la iglesia de San Pedro de Villamayor de la segunda d\u00e9cada del siglo XX, que combina diversos estilos arquitect\u00f3nicos entre ellos el Neorom\u00e1nico y el Neobarroco. La iglesia de San Pedro fue dise\u00f1ada por el reconocido arquitecto Enrique Rodr\u00edguez Bustelo. No podemos olvidarnos tampoco de las capillas existentes en todos los pueblos de la parroquia, la de Santa Marina en Antrialgo, San Antonio en Pesquer\u00edn, Santa Mar\u00eda Magdalena en Mo\u00f1es, San Mart\u00edn en Tor\u00edn y Santo Tom\u00e1s en Melarde, casi todas del siglo datadas entre el siglo XVIII y el siglo XIX, aunque su origen fue medieval.<br \/>\n<strong><\/strong><\/p>\n<p style=\"text-align: justify;\"><strong>Retablo de San Pedro de Villamayor:<\/strong><\/p>\n<figure id=\"attachment_91\" aria-describedby=\"caption-attachment-91\" style=\"width: 240px\" class=\"wp-caption alignright\"><a href=\"https:\/\/villamayorasturias.es\/wp-content\/uploads\/2014\/02\/villamayor_iglesia_jalm.jpg\"><img loading=\"lazy\" decoding=\"async\" class=\"wp-image-91 \" title=\"Iglesia de San Pedro de Villamayor\" alt=\"villamayor_iglesia_jalm\" src=\"https:\/\/villamayorasturias.es\/wp-content\/uploads\/2014\/02\/villamayor_iglesia_jalm-300x188.jpg\" width=\"240\" height=\"150\" srcset=\"https:\/\/villamayorasturias.es\/wp-content\/uploads\/2014\/02\/villamayor_iglesia_jalm-300x188.jpg 300w, https:\/\/villamayorasturias.es\/wp-content\/uploads\/2014\/02\/villamayor_iglesia_jalm.jpg 1000w\" sizes=\"auto, (max-width: 240px) 100vw, 240px\" \/><\/a><figcaption id=\"caption-attachment-91\" class=\"wp-caption-text\">Iglesia de San Pedro de Villamayor<\/figcaption><\/figure>\n<p style=\"text-align: justify;\">Los retablos son obras de arte de gran complejidad, en las que suelen colaborar arquitectos, escultores, estofadores, doradores, carpinteros y entalladores, por lo que su elaboraci\u00f3n es un proceso costoso y lento, sobre todo en los ejemplares de mayor envergadura.<\/p>\n<p style=\"text-align: justify;\">Este templo acoge un destacado retablo de inspiraci\u00f3n neobarroca (restaurado en 2005), donado en 1953, en nombre de Petra Montoto y Antonio Arg\u00fcelles \u2014cuyo escudo, el de los Arg\u00fcelles, est\u00e1 presente en el retablo\u2014, por la Casa de las Huelgas, que lo hab\u00eda encargado al taller del sacerdote asturiano F\u00e9lix Granda , uno de los m\u00e1s importantes de Espa\u00f1a.<\/p>\n<figure id=\"attachment_89\" aria-describedby=\"caption-attachment-89\" style=\"width: 168px\" class=\"wp-caption alignleft\"><a href=\"https:\/\/villamayorasturias.es\/wp-content\/uploads\/2014\/02\/villamayor_casapastrana_estela_jalm.jpg\"><img loading=\"lazy\" decoding=\"async\" class=\" wp-image-89 \" title=\"Casa Pastrana\" alt=\"Casa Pastrana\" src=\"https:\/\/villamayorasturias.es\/wp-content\/uploads\/2014\/02\/villamayor_casapastrana_estela_jalm-300x225.jpg\" width=\"168\" height=\"126\" srcset=\"https:\/\/villamayorasturias.es\/wp-content\/uploads\/2014\/02\/villamayor_casapastrana_estela_jalm-300x225.jpg 300w, https:\/\/villamayorasturias.es\/wp-content\/uploads\/2014\/02\/villamayor_casapastrana_estela_jalm-1024x768.jpg 1024w, https:\/\/villamayorasturias.es\/wp-content\/uploads\/2014\/02\/villamayor_casapastrana_estela_jalm.jpg 1200w\" sizes=\"auto, (max-width: 168px) 100vw, 168px\" \/><\/a><figcaption id=\"caption-attachment-89\" class=\"wp-caption-text\">Casa Pastrana<\/figcaption><\/figure>\n<p style=\"text-align: justify;\"><strong>Arqueolog\u00eda:<\/strong><\/p>\n<p style=\"text-align: justify;\">La lapida de Oculatio es una inscripci\u00f3n funeraria aparecida en la parroquia a finales del siglo XIX, actualmente se encuentra situada en la fachada de la casa Pastrana. Esta estela es un testimonio de la presencia romana en Villamayor y en su inscripci\u00f3n nos deja el primer nombre de los habitantes de la parroquia los Viromenigorum.<\/p>\n","protected":false},"excerpt":{"rendered":"<p>Arquitectura Civil: En Villamayor tenemos ejemplos \u00fanicos de arquitectura indiana, el reconocido arquitecto Manuel Busto Delgado dej\u00f3 su firma en varios edificios indianos de Villamayor, la casa de los Villanueva, la casa de \u00c1lvarez Nava (villa Joaquina), la casa de Emilio Lozana y su obra m\u00e1s esplendida el palacio de Sotiello. Tambi\u00e9n son notables edificaciones, [&hellip;]<\/p>\n","protected":false},"author":1,"featured_media":0,"parent":0,"menu_order":2,"comment_status":"open","ping_status":"closed","template":"","meta":{"footnotes":""},"class_list":["post-9","page","type-page","status-publish","hentry"],"_links":{"self":[{"href":"https:\/\/villamayorasturias.es\/wp-json\/wp\/v2\/pages\/9","targetHints":{"allow":["GET"]}}],"collection":[{"href":"https:\/\/villamayorasturias.es\/wp-json\/wp\/v2\/pages"}],"about":[{"href":"https:\/\/villamayorasturias.es\/wp-json\/wp\/v2\/types\/page"}],"author":[{"embeddable":true,"href":"https:\/\/villamayorasturias.es\/wp-json\/wp\/v2\/users\/1"}],"replies":[{"embeddable":true,"href":"https:\/\/villamayorasturias.es\/wp-json\/wp\/v2\/comments?post=9"}],"version-history":[{"count":5,"href":"https:\/\/villamayorasturias.es\/wp-json\/wp\/v2\/pages\/9\/revisions"}],"predecessor-version":[{"id":93,"href":"https:\/\/villamayorasturias.es\/wp-json\/wp\/v2\/pages\/9\/revisions\/93"}],"wp:attachment":[{"href":"https:\/\/villamayorasturias.es\/wp-json\/wp\/v2\/media?parent=9"}],"curies":[{"name":"wp","href":"https:\/\/api.w.org\/{rel}","templated":true}]}}